{"id":702,"date":"2021-08-08T21:31:35","date_gmt":"2021-08-08T19:31:35","guid":{"rendered":"http:\/\/192.168.1.151\/wp_csicomputer_21\/?page_id=702"},"modified":"2021-08-08T21:47:12","modified_gmt":"2021-08-08T19:47:12","slug":"netzwerk-pflege-und-unterhalt","status":"publish","type":"page","link":"https:\/\/csi-computer.ch\/?page_id=702","title":{"rendered":"Netzwerk Pflege und Unterhalt"},"content":{"rendered":"<h2>IT Netzwerke und Unter\u00adnehmen<\/h2>\n<p><a href=\"http:\/\/192.168.1.151\/wp_csicomputer_21\/wp-content\/uploads\/2021\/08\/netzwerk-optimieren.jpg\"><img loading=\"lazy\" class=\"alignnone size-full wp-image-707\" src=\"http:\/\/192.168.1.151\/wp_csicomputer_21\/wp-content\/uploads\/2021\/08\/netzwerk-optimieren.jpg\" alt=\"\" width=\"700\" height=\"318\" srcset=\"https:\/\/csi-computer.ch\/wp-content\/uploads\/2021\/08\/netzwerk-optimieren.jpg 700w, https:\/\/csi-computer.ch\/wp-content\/uploads\/2021\/08\/netzwerk-optimieren-300x136.jpg 300w\" sizes=\"(max-width: 700px) 100vw, 700px\" \/><\/a><\/p>\n<p>Ein einwandfreies und st\u00f6rungs\u00adresistentes\u00a0<strong>IT Netzwerk\u00a0<\/strong>sollte in jedem Unternehmen vorhanden sein, damit die Arbeits\u00adabl\u00e4ufe reibungslos aus\u00adgef\u00fchrt werden k\u00f6nnen. CSI Computer unter\u00adst\u00fctzt Sie bei der Suche nach der idealen L\u00f6sung \u2013 LAN, WLAN, WAN oder VPN. Diese Kriterien sind wichtig:<\/p>\n<ul>\n<li>Skalierbarkeit<\/li>\n<li>Zuverl\u00e4ssigkeit<\/li>\n<li>Geschwindigkeit<\/li>\n<li>Sicherheit<\/li>\n<\/ul>\n<p>Eine effiziente Netzwerk Infrastruktur ist selbst f\u00fcr kleine Unternehmen wichtig. Um teure Ausf\u00e4lle und Verz\u00f6gerungen zu vermeiden, lohnt sich die Zusammenarbeit mit einem Profi. Je nach Funktion und Infrastruktur des Netzwerks, werden verschiedene Hardware und Software verwendet. Diese Komponenten kommen in Netzwerken vor:<\/p>\n<ul>\n<li>Netzwerk Switch<\/li>\n<li>Firewall<\/li>\n<li>Router (Gateway Konfiguration)<\/li>\n<li>Endger\u00e4te (Drucker, PCs, Mobile-Ger\u00e4te, Sensoren, \u00dcberwachung uvm.)<\/li>\n<\/ul>\n<div class=\"elementor-element elementor-element-c8923f9 elementor-widget elementor-widget-heading\" data-id=\"c8923f9\" data-element_type=\"widget\" data-widget_type=\"heading.default\">\n<div class=\"elementor-widget-container\">\n<h2 class=\"elementor-heading-title elementor-size-default\">WLAN-Netzwerk in Geb\u00e4uden und an \u00f6ffentlichen Pl\u00e4tzen.<\/h2>\n<\/div>\n<\/div>\n<div class=\"elementor-element elementor-element-f1a8d7e elementor-widget elementor-widget-text-editor\" data-id=\"f1a8d7e\" data-element_type=\"widget\" data-widget_type=\"text-editor.default\">\n<div class=\"elementor-widget-container\">\n<div class=\"elementor-text-editor elementor-clearfix\">\n<p>Die Menge an mobilen Endger\u00e4ten und auch Maschinen mit WLAN-Schnittstelle macht den Einsatz von WLAN-Netzen heute nahezu unabdingbar. Die Frage ist nicht mehr, ob man Wireless LAN einsetzt, sondern welche Bereiche des Geb\u00e4udes man damit abdecken muss, damit ein effizientes Arbeiten m\u00f6glich ist. Es ist aber auch nicht alleine damit getan, einen Access Point oder WLAN-Router in Betrieb zu nehmen! Wichtige \u00dcberlegungen beim Einsatz eines WLAN-Netzwerkes sind unter anderem:<\/p>\n<ul>\n<li>Wie stabil ist die WLAN-Verbindung in den einzelnen Geb\u00e4udebereichen?<\/li>\n<li>Erreicht man eine gute Abdeckung im ganzen Geb\u00e4ude?<\/li>\n<li>Ist der sichere Zugang f\u00fcr unternehmenseigene und private Devices (BYOD), sowie f\u00fcr G\u00e4ste m\u00f6glich?<\/li>\n<li>Werden Mehrwertdienste (Analytics, Lokalisierung) neben der reinen Datenverbindung ben\u00f6tigt?<\/li>\n<li>Gibt es eine einfache M\u00f6glichkeit, das IT-System zu verwalten und Systempflege und Fehlersuche im gesamten Netzwerk zu betreiben?<\/li>\n<\/ul>\n<\/div>\n<\/div>\n<\/div>\n","protected":false},"excerpt":{"rendered":"<p>IT Netzwerke und Unter\u00adnehmen Ein einwandfreies und st\u00f6rungs\u00adresistentes\u00a0IT Netzwerk\u00a0sollte in jedem Unternehmen vorhanden sein, damit die Arbeits\u00adabl\u00e4ufe reibungslos aus\u00adgef\u00fchrt werden k\u00f6nnen. CSI Computer unter\u00adst\u00fctzt Sie bei der Suche nach der idealen L\u00f6sung \u2013 LAN, WLAN, WAN oder VPN. Diese Kriterien sind wichtig: Skalierbarkeit Zuverl\u00e4ssigkeit Geschwindigkeit Sicherheit Eine effiziente Netzwerk Infrastruktur ist selbst f\u00fcr kleine Unternehmen [&hellip;]<\/p>\n","protected":false},"author":1,"featured_media":0,"parent":0,"menu_order":0,"comment_status":"closed","ping_status":"closed","template":"","meta":{"site-sidebar-layout":"default","site-content-layout":"default","ast-site-content-layout":"","site-content-style":"default","site-sidebar-style":"default","ast-global-header-display":"","ast-banner-title-visibility":"","ast-main-header-display":"","ast-hfb-above-header-display":"","ast-hfb-below-header-display":"","ast-hfb-mobile-header-display":"","site-post-title":"","ast-breadcrumbs-content":"","ast-featured-img":"","footer-sml-layout":"","theme-transparent-header-meta":"default","adv-header-id-meta":"","stick-header-meta":"","header-above-stick-meta":"","header-main-stick-meta":"","header-below-stick-meta":"","astra-migrate-meta-layouts":"default","ast-page-background-enabled":"default","ast-page-background-meta":{"desktop":{"background-color":"","background-image":"","background-repeat":"repeat","background-position":"center center","background-size":"auto","background-attachment":"scroll","background-type":"","background-media":"","overlay-type":"","overlay-color":"","overlay-opacity":"","overlay-gradient":""},"tablet":{"background-color":"","background-image":"","background-repeat":"repeat","background-position":"center center","background-size":"auto","background-attachment":"scroll","background-type":"","background-media":"","overlay-type":"","overlay-color":"","overlay-opacity":"","overlay-gradient":""},"mobile":{"background-color":"","background-image":"","background-repeat":"repeat","background-position":"center center","background-size":"auto","background-attachment":"scroll","background-type":"","background-media":"","overlay-type":"","overlay-color":"","overlay-opacity":"","overlay-gradient":""}},"ast-content-background-meta":{"desktop":{"background-color":"var(--ast-global-color-5)","background-image":"","background-repeat":"repeat","background-position":"center center","background-size":"auto","background-attachment":"scroll","background-type":"","background-media":"","overlay-type":"","overlay-color":"","overlay-opacity":"","overlay-gradient":""},"tablet":{"background-color":"var(--ast-global-color-5)","background-image":"","background-repeat":"repeat","background-position":"center center","background-size":"auto","background-attachment":"scroll","background-type":"","background-media":"","overlay-type":"","overlay-color":"","overlay-opacity":"","overlay-gradient":""},"mobile":{"background-color":"var(--ast-global-color-5)","background-image":"","background-repeat":"repeat","background-position":"center center","background-size":"auto","background-attachment":"scroll","background-type":"","background-media":"","overlay-type":"","overlay-color":"","overlay-opacity":"","overlay-gradient":""}},"ngg_post_thumbnail":0},"_links":{"self":[{"href":"https:\/\/csi-computer.ch\/index.php?rest_route=\/wp\/v2\/pages\/702"}],"collection":[{"href":"https:\/\/csi-computer.ch\/index.php?rest_route=\/wp\/v2\/pages"}],"about":[{"href":"https:\/\/csi-computer.ch\/index.php?rest_route=\/wp\/v2\/types\/page"}],"author":[{"embeddable":true,"href":"https:\/\/csi-computer.ch\/index.php?rest_route=\/wp\/v2\/users\/1"}],"replies":[{"embeddable":true,"href":"https:\/\/csi-computer.ch\/index.php?rest_route=%2Fwp%2Fv2%2Fcomments&post=702"}],"version-history":[{"count":6,"href":"https:\/\/csi-computer.ch\/index.php?rest_route=\/wp\/v2\/pages\/702\/revisions"}],"predecessor-version":[{"id":710,"href":"https:\/\/csi-computer.ch\/index.php?rest_route=\/wp\/v2\/pages\/702\/revisions\/710"}],"wp:attachment":[{"href":"https:\/\/csi-computer.ch\/index.php?rest_route=%2Fwp%2Fv2%2Fmedia&parent=702"}],"curies":[{"name":"wp","href":"https:\/\/api.w.org\/{rel}","templated":true}]}}