{"id":504,"date":"2015-11-01T17:09:20","date_gmt":"2015-11-01T15:09:20","guid":{"rendered":"http:\/\/csi-computer.ch\/?page_id=504"},"modified":"2022-12-20T16:01:13","modified_gmt":"2022-12-20T14:01:13","slug":"kmu-nas-cloud-loesungen","status":"publish","type":"page","link":"https:\/\/csi-computer.ch\/?page_id=504","title":{"rendered":"KMU &#8211; NAS Speicher und Container"},"content":{"rendered":"<div>\n<div style=\"text-align: left;\"><strong>NAS &#8211; Unternehmensl\u00f6sung<\/strong><\/div>\n<div style=\"text-align: left;\">&nbsp;<\/div>\n<div style=\"text-align: left;\">\n<ul>\n<li>Zentrale Dateiablage mit Cloud und Internet Funktionen<\/li>\n<li>Hohe Verf\u00fcgbarkeit und Datensicherheit \/ Raid Volumen Management<\/li>\n<li>\n<div>Backup &#8211; CloudApp &#8211; Internet und Multimedia Server.<\/div>\n<\/li>\n<\/ul>\n<div style=\"text-align: left;\"><strong>CSI &#8211; Dienstleistung und Support<\/strong><\/div>\n<div style=\"text-align: left;\">&nbsp;<\/div>\n<ul>\n<li>Lieferung und Verkauf Hardware Server<\/li>\n<li>Planung Vorkonfiguration Netzwerk ETH Einbindung<\/li>\n<li>Vorort Installation Hardware \/ Netzwerk und Freigaben<\/li>\n<li>Erstellen Benutzer und Rechte \/ SMB \/ NFS \/ MAC<\/li>\n<li>Port-Routing und Internet Konfiguration<\/li>\n<li>DNS einrichten.<\/li>\n<\/ul>\n<\/div>\n<\/div>\n<p><strong>Hardware:&nbsp;<a href=\"https:\/\/www.qnap.com\/de-de\/index.php\" target=\"_blank\" rel=\"noopener\">Qnap-NAS<\/a> Serie \/&nbsp;<\/strong><strong>Dateispeicherung&amp; Internet Server<\/strong><\/p>\n<p>Turbo NAS von QNAP sind auf gemeinsamen Dateizugriff mit hoher Leistung \u00fcber verschiedene Netzwerkprotokolle ausgelegt. Durch die Unterst\u00fctzung von SMB\/CIFS, AFP und NFS erm\u00f6glicht das Turbo NAS den gemeinsamen Dateizugriff f\u00fcr Computer verschiedener Betriebssysteme ohne jegliche Inkompatibilit\u00e4tsprobleme.<\/p>\n<p><a href=\"https:\/\/csi-computer.ch\/wp-content\/uploads\/2015\/11\/2016-11-02-01_11_55-KMU-__-Produkt\u00fcbersicht-__-QNAP.png\"><img loading=\"lazy\" class=\"alignnone size-full wp-image-565\" src=\"https:\/\/csi-computer.ch\/wp-content\/uploads\/2015\/11\/2016-11-02-01_11_55-KMU-__-Produkt\u00fcbersicht-__-QNAP.png\" alt=\"2016-11-02 01_11_55-KMU __ Produkt\u00fcbersicht __ QNAP\" width=\"747\" height=\"192\" srcset=\"https:\/\/csi-computer.ch\/wp-content\/uploads\/2015\/11\/2016-11-02-01_11_55-KMU-__-Produkt\u00fcbersicht-__-QNAP.png 747w, https:\/\/csi-computer.ch\/wp-content\/uploads\/2015\/11\/2016-11-02-01_11_55-KMU-__-Produkt\u00fcbersicht-__-QNAP-300x77.png 300w, https:\/\/csi-computer.ch\/wp-content\/uploads\/2015\/11\/2016-11-02-01_11_55-KMU-__-Produkt\u00fcbersicht-__-QNAP-624x160.png 624w\" sizes=\"(max-width: 747px) 100vw, 747px\" \/><\/a><\/p>\n<p class=\"p_tit\">Intel\u00ae Core\u2122 i7-CPU, Durchsatz von bis zu 2.300+ MB\/s und bahnbrechende Leistung bis 51.000+ IOPS&nbsp;10GbE-f\u00e4hig, 4K-Videowiedergabe, Transkodierung und spontane Bearbeitung<br \/>\nVirtualisierungsf\u00e4hig mit umfassenden Gesch\u00e4ftsapplikationen.<\/p>\n<p><strong>Synology\u00ae Storage-Marktf\u00fchrer in der Schweiz<\/strong><\/p>\n<p><a href=\"https:\/\/csi-computer.ch\/wp-content\/uploads\/2022\/12\/heading.png\"><img loading=\"lazy\" class=\"alignnone  wp-image-800\" src=\"https:\/\/csi-computer.ch\/wp-content\/uploads\/2022\/12\/heading-300x67.png\" alt=\"\" width=\"434\" height=\"97\" srcset=\"https:\/\/csi-computer.ch\/wp-content\/uploads\/2022\/12\/heading-300x67.png 300w, https:\/\/csi-computer.ch\/wp-content\/uploads\/2022\/12\/heading-1024x229.png 1024w, https:\/\/csi-computer.ch\/wp-content\/uploads\/2022\/12\/heading-768x171.png 768w, https:\/\/csi-computer.ch\/wp-content\/uploads\/2022\/12\/heading.png 1030w\" sizes=\"(max-width: 434px) 100vw, 434px\" \/><\/a><\/p>\n<p>Die Synology FlashStation FS6400 ist ein 2HE-Server f\u00fcr die Rackmontage, der speziell f\u00fcr I\/O-intensive Aufgaben mit m\u00f6glichst geringer Latenz entwickelt wurde. Damit ist es das ideale Ger\u00e4t f\u00fcr Multimedia-Nachbearbeitung, virtuelle Maschinen, Online-Transaktionsverarbeitung oder Datenbankanwendungen.<\/p>\n<p><a href=\"https:\/\/csi-computer.ch\/wp-content\/uploads\/2022\/12\/Syno-4-Bay.png\"><img loading=\"lazy\" class=\"alignnone size-medium wp-image-798\" src=\"https:\/\/csi-computer.ch\/wp-content\/uploads\/2022\/12\/Syno-4-Bay-300x180.png\" alt=\"\" width=\"300\" height=\"180\" srcset=\"https:\/\/csi-computer.ch\/wp-content\/uploads\/2022\/12\/Syno-4-Bay-300x180.png 300w, https:\/\/csi-computer.ch\/wp-content\/uploads\/2022\/12\/Syno-4-Bay.png 668w\" sizes=\"(max-width: 300px) 100vw, 300px\" \/><\/a><a href=\"https:\/\/csi-computer.ch\/wp-content\/uploads\/2022\/12\/Syno-6-Bay.png\"><img loading=\"lazy\" class=\"alignnone size-medium wp-image-799\" src=\"https:\/\/csi-computer.ch\/wp-content\/uploads\/2022\/12\/Syno-6-Bay-300x180.png\" alt=\"\" width=\"300\" height=\"180\" srcset=\"https:\/\/csi-computer.ch\/wp-content\/uploads\/2022\/12\/Syno-6-Bay-300x180.png 300w, https:\/\/csi-computer.ch\/wp-content\/uploads\/2022\/12\/Syno-6-Bay.png 668w\" sizes=\"(max-width: 300px) 100vw, 300px\" \/><\/a><\/p>\n<hr>\n<p><strong>Multimediasysteme<\/strong> \u00fcberall genie\u00dfen.&nbsp;Erstellen Sie eine pers\u00f6nliche Cloud mit dem Turbo NAS und greifen immer und \u00fcberall auf Multimediadateien zu.&nbsp;Nahtlose Dateifreigabe.&nbsp;Nutzen Sie Mobiltelefone oder Tablet-Ger\u00e4te zum einfachen Teilen Ihrer Foto-, Musik- und Videosammlungen. Hochleistungsstarkes NAS mit Echtzeit- und Offline-Videotranskodierung f\u00fcr Klein-\/Heimb\u00fcro- und Privatanwender. iTunes-Server, DLNA Streaming, UDP, Plex\/Twonky Server, Multimedia Server&#8230;.<\/p>\n<div>\n<table>\n<tbody>\n<tr>\n<td>\n<p><figure style=\"width: 192px\" class=\"wp-caption alignnone\"><img loading=\"lazy\" src=\"https:\/\/www.qnap.com\/i\/_images\/product\/items\/161.png\" alt=\"\" width=\"192\" height=\"120\"><figcaption class=\"wp-caption-text\">KMU Datei Server Cloud Server QNAP 4 Bay NAS-SERVER 16TP RAID 5 8GB RAM<\/figcaption><\/figure><\/td>\n<td style=\"vertical-align: top;\">\n<ul>\n<li>Fortschrittlicher 1,2-GHz-Dual-Core-Prozessor liefert herausragende Multitasking-Leistung<\/li>\n<li>Erstellen einer pers\u00f6nlichen Cloud f\u00fcr digitale Notizen und Multimedia-Streaming mit Unterst\u00fctzung von DLNA &amp; AirPlay<\/li>\n<li>Ausgestattet mit verschiedenen Heimapplikationen als leistungsstarkes Heimmediencenter<\/li>\n<li>HDD Kapazit\u00e4t 4x1TB \/ 4x2TB \/ 4x4TB<\/li>\n<\/ul>\n<\/td>\n<\/tr>\n<\/tbody>\n<\/table>\n<\/div>\n<div>&nbsp;<\/div>\n<table>\n<tbody>\n<tr>\n<td>\n<p><figure style=\"width: 192px\" class=\"wp-caption alignnone\"><img loading=\"lazy\" src=\"https:\/\/www.qnap.com\/i\/_images\/product\/items\/142.png\" alt=\"\" width=\"192\" height=\"120\"><figcaption class=\"wp-caption-text\">Home Office Multimedia QNAP 2 Bay NAS-SERVER 8TB RAID 1 4GB RAM<\/figcaption><\/figure><\/td>\n<td style=\"vertical-align: top;\">\n<ul>\n<li>Moderner ARM\u00ae&nbsp;Cortex\u00ae-A15-Dual-Core-Prozessor mit 1,4 GHz erm\u00f6glicht Multitasking und bietet au\u00dfergew\u00f6hnliche Leistung<\/li>\n<li>Sichere Cloud f\u00fcr digitale Notizen sowie Speicherung, Sicherung und Weitergabe von Dateien mit Hardware-Verschl\u00fcsselungs-Engine<\/li>\n<li>Ein leistungsf\u00e4higes Dateicenter f\u00fcr Arbeitsgruppen mit funktionsreichen Anwendungen f\u00fcr Unternehmen<\/li>\n<li>HDD Kapazit\u00e4t 2x1TB \/ 2x2TB \/ 2x4TB<\/li>\n<\/ul>\n<\/td>\n<\/tr>\n<\/tbody>\n<\/table>\n<p><a href=\"https:\/\/csi-computer.ch\/wp-content\/uploads\/2015\/11\/2016-11-02-01_30_14-qnap-apps-Google-Suche.png\"><img loading=\"lazy\" class=\"alignnone size-full wp-image-569\" src=\"https:\/\/csi-computer.ch\/wp-content\/uploads\/2015\/11\/2016-11-02-01_30_14-qnap-apps-Google-Suche.png\" alt=\"2016-11-02 01_30_14-qnap apps - Google-Suche\" width=\"778\" height=\"199\" srcset=\"https:\/\/csi-computer.ch\/wp-content\/uploads\/2015\/11\/2016-11-02-01_30_14-qnap-apps-Google-Suche.png 778w, https:\/\/csi-computer.ch\/wp-content\/uploads\/2015\/11\/2016-11-02-01_30_14-qnap-apps-Google-Suche-300x77.png 300w, https:\/\/csi-computer.ch\/wp-content\/uploads\/2015\/11\/2016-11-02-01_30_14-qnap-apps-Google-Suche-624x160.png 624w\" sizes=\"(max-width: 778px) 100vw, 778px\" \/><\/a><\/p>\n","protected":false},"excerpt":{"rendered":"<p>NAS &#8211; Unternehmensl\u00f6sung &nbsp; Zentrale Dateiablage mit Cloud und Internet Funktionen Hohe Verf\u00fcgbarkeit und Datensicherheit \/ Raid Volumen Management Backup &#8211; CloudApp &#8211; Internet und Multimedia Server. CSI &#8211; Dienstleistung und Support &nbsp; Lieferung und Verkauf Hardware Server Planung Vorkonfiguration Netzwerk ETH Einbindung Vorort Installation Hardware \/ Netzwerk und Freigaben Erstellen Benutzer und Rechte \/ [&hellip;]<\/p>\n","protected":false},"author":1,"featured_media":0,"parent":0,"menu_order":0,"comment_status":"closed","ping_status":"closed","template":"","meta":{"site-sidebar-layout":"default","site-content-layout":"default","ast-site-content-layout":"","site-content-style":"default","site-sidebar-style":"default","ast-global-header-display":"","ast-banner-title-visibility":"","ast-main-header-display":"","ast-hfb-above-header-display":"","ast-hfb-below-header-display":"","ast-hfb-mobile-header-display":"","site-post-title":"","ast-breadcrumbs-content":"","ast-featured-img":"","footer-sml-layout":"","theme-transparent-header-meta":"default","adv-header-id-meta":"","stick-header-meta":"","header-above-stick-meta":"","header-main-stick-meta":"","header-below-stick-meta":"","astra-migrate-meta-layouts":"default","ast-page-background-enabled":"default","ast-page-background-meta":{"desktop":{"background-color":"","background-image":"","background-repeat":"repeat","background-position":"center center","background-size":"auto","background-attachment":"scroll","background-type":"","background-media":"","overlay-type":"","overlay-color":"","overlay-opacity":"","overlay-gradient":""},"tablet":{"background-color":"","background-image":"","background-repeat":"repeat","background-position":"center center","background-size":"auto","background-attachment":"scroll","background-type":"","background-media":"","overlay-type":"","overlay-color":"","overlay-opacity":"","overlay-gradient":""},"mobile":{"background-color":"","background-image":"","background-repeat":"repeat","background-position":"center center","background-size":"auto","background-attachment":"scroll","background-type":"","background-media":"","overlay-type":"","overlay-color":"","overlay-opacity":"","overlay-gradient":""}},"ast-content-background-meta":{"desktop":{"background-color":"var(--ast-global-color-5)","background-image":"","background-repeat":"repeat","background-position":"center center","background-size":"auto","background-attachment":"scroll","background-type":"","background-media":"","overlay-type":"","overlay-color":"","overlay-opacity":"","overlay-gradient":""},"tablet":{"background-color":"var(--ast-global-color-5)","background-image":"","background-repeat":"repeat","background-position":"center center","background-size":"auto","background-attachment":"scroll","background-type":"","background-media":"","overlay-type":"","overlay-color":"","overlay-opacity":"","overlay-gradient":""},"mobile":{"background-color":"var(--ast-global-color-5)","background-image":"","background-repeat":"repeat","background-position":"center center","background-size":"auto","background-attachment":"scroll","background-type":"","background-media":"","overlay-type":"","overlay-color":"","overlay-opacity":"","overlay-gradient":""}},"ngg_post_thumbnail":0},"_links":{"self":[{"href":"https:\/\/csi-computer.ch\/index.php?rest_route=\/wp\/v2\/pages\/504"}],"collection":[{"href":"https:\/\/csi-computer.ch\/index.php?rest_route=\/wp\/v2\/pages"}],"about":[{"href":"https:\/\/csi-computer.ch\/index.php?rest_route=\/wp\/v2\/types\/page"}],"author":[{"embeddable":true,"href":"https:\/\/csi-computer.ch\/index.php?rest_route=\/wp\/v2\/users\/1"}],"replies":[{"embeddable":true,"href":"https:\/\/csi-computer.ch\/index.php?rest_route=%2Fwp%2Fv2%2Fcomments&post=504"}],"version-history":[{"count":37,"href":"https:\/\/csi-computer.ch\/index.php?rest_route=\/wp\/v2\/pages\/504\/revisions"}],"predecessor-version":[{"id":797,"href":"https:\/\/csi-computer.ch\/index.php?rest_route=\/wp\/v2\/pages\/504\/revisions\/797"}],"wp:attachment":[{"href":"https:\/\/csi-computer.ch\/index.php?rest_route=%2Fwp%2Fv2%2Fmedia&parent=504"}],"curies":[{"name":"wp","href":"https:\/\/api.w.org\/{rel}","templated":true}]}}