{"id":260,"date":"2013-05-01T02:36:41","date_gmt":"2013-05-01T00:36:41","guid":{"rendered":"http:\/\/csinet.homelinux.net\/csi-computer.ch\/?page_id=260"},"modified":"2015-09-23T01:27:37","modified_gmt":"2015-09-22T23:27:37","slug":"web-designe","status":"publish","type":"page","link":"https:\/\/csi-computer.ch\/?page_id=260","title":{"rendered":"Web Seiten Entwicklung, Web Design"},"content":{"rendered":"<p style=\"text-align: center;\"><strong>Dynamische Webseiten &#8211; CMS Content Managment\u00a0 &#8211; Dokument Management Integration<\/strong><\/p>\n<h3 style=\"text-align: center;\"><strong><a href=\"https:\/\/csi-computer.ch\/wp-content\/uploads\/2013\/05\/Content-Management-System.jpg\"><img loading=\"lazy\" class=\"alignnone wp-image-264 \" src=\"https:\/\/csi-computer.ch\/wp-content\/uploads\/2013\/05\/Content-Management-System.jpg\" alt=\"Content-Management-System\" width=\"109\" height=\"89\" srcset=\"https:\/\/csi-computer.ch\/wp-content\/uploads\/2013\/05\/Content-Management-System.jpg 577w, https:\/\/csi-computer.ch\/wp-content\/uploads\/2013\/05\/Content-Management-System-300x244.jpg 300w\" sizes=\"(max-width: 109px) 100vw, 109px\" \/><\/a> \u00a0 \u00a0\u00a0 <a href=\"https:\/\/csi-computer.ch\/wp-content\/uploads\/2013\/05\/cms_systeme.jpg\"><img loading=\"lazy\" class=\"alignnone wp-image-273 \" src=\"https:\/\/csi-computer.ch\/wp-content\/uploads\/2013\/05\/cms_systeme.jpg\" alt=\"cms_systeme\" width=\"73\" height=\"97\" \/><\/a>\u00a0\u00a0\u00a0\u00a0\u00a0 <a href=\"https:\/\/csi-computer.ch\/wp-content\/uploads\/2013\/05\/web-browsers.jpg\"><img loading=\"lazy\" class=\"alignnone wp-image-272 \" src=\"https:\/\/csi-computer.ch\/wp-content\/uploads\/2013\/05\/web-browsers.jpg\" alt=\"web-browsers\" width=\"91\" height=\"91\" srcset=\"https:\/\/csi-computer.ch\/wp-content\/uploads\/2013\/05\/web-browsers.jpg 300w, https:\/\/csi-computer.ch\/wp-content\/uploads\/2013\/05\/web-browsers-150x150.jpg 150w\" sizes=\"(max-width: 91px) 100vw, 91px\" \/><\/a><\/strong><\/h3>\n<hr \/>\n<p><a href=\"https:\/\/csi-computer.ch\/wp-content\/uploads\/2013\/05\/wordpress-logo.png\"><img loading=\"lazy\" class=\"wp-image-265 aligncenter\" src=\"https:\/\/csi-computer.ch\/wp-content\/uploads\/2013\/05\/wordpress-logo.png\" alt=\"wordpress-logo\" width=\"111\" height=\"83\" \/><\/a><\/p>\n<p style=\"text-align: center;\"><strong>WordPress Im Einsatz. <\/strong><br \/>\nOpen CMS Leader 2013\/14\/15. Ob im privaten oder im kommerziellen Umfeld, das perfekte Werkzeug um Inhalte im Web zu publizieren.<\/p>\n<hr \/>\n<p style=\"text-align: center;\"><strong>Voraussetzungen<\/strong><br \/>\nEine PHP-basierte Anwendung und so gut wie alle Webhoster erf\u00fcllen die Voraussetzungen f\u00fcr ein.<\/p>\n<p style=\"text-align: center;\"><strong>Installation &amp; Aktualisierungen<\/strong><br \/>\nL\u00e4\u00dft sich einfach installieren und Aktualisierung k\u00f6nnen automatisch durchgef\u00fchrt werden.<\/p>\n<p style=\"text-align: center;\"><strong>Open Source Software<\/strong><br \/>\nFrei verf\u00fcgbare Software die unter einer Open-Source-Lizenz steht und privat und kommerziell genutzt werden kann.<\/p>\n<p style=\"text-align: center;\"><strong>Designanpassung durch Themes<\/strong><\/p>\n<h3 style=\"text-align: left;\"><a href=\"https:\/\/csi-computer.ch\/wp-content\/uploads\/2013\/05\/60753_morph-devices.jpg\"><img loading=\"lazy\" class=\"wp-image-281 aligncenter\" src=\"https:\/\/csi-computer.ch\/wp-content\/uploads\/2013\/05\/60753_morph-devices.jpg\" alt=\"60753_morph-devices\" width=\"186\" height=\"131\" srcset=\"https:\/\/csi-computer.ch\/wp-content\/uploads\/2013\/05\/60753_morph-devices.jpg 520w, https:\/\/csi-computer.ch\/wp-content\/uploads\/2013\/05\/60753_morph-devices-300x211.jpg 300w\" sizes=\"(max-width: 186px) 100vw, 186px\" \/><\/a><\/h3>\n<p style=\"text-align: center;\">Die Gestaltungsm\u00f6glichkeiten sind grenzenlos frei verf\u00fcgbaren Themes zur Auswahl.<\/p>\n<p style=\"text-align: center;\"><strong>Funktionserweiterung durch Plugins<\/strong><br \/>\nBed\u00fcrfnissen k\u00f6nnen aus 1.000 und mehr frei verf\u00fcgbaren Plugins angepa\u00dft werden.<\/p>\n<p style=\"text-align: center;\"><strong>Netzwerke &amp; Communities<\/strong><br \/>\nBietet alle Voraussetzungen um eine MultiSite- oder ein soziales Netzwerk einzurichten.<\/p>\n<p style=\"text-align: center;\"><img loading=\"lazy\" class=\"wp-image-279 alignnone\" src=\"https:\/\/csi-computer.ch\/wp-content\/uploads\/2013\/05\/J3mobile-ready.jpg\" alt=\"J3mobile-ready\" width=\"194\" height=\"128\" srcset=\"https:\/\/csi-computer.ch\/wp-content\/uploads\/2013\/05\/J3mobile-ready.jpg 400w, https:\/\/csi-computer.ch\/wp-content\/uploads\/2013\/05\/J3mobile-ready-300x198.jpg 300w\" sizes=\"(max-width: 194px) 100vw, 194px\" \/><\/p>\n<p style=\"text-align: left;\"><strong> <a href=\"https:\/\/csi-computer.ch\/wp-content\/uploads\/2013\/05\/mobil.png\"><img loading=\"lazy\" class=\"alignleft wp-image-266 size-full\" src=\"https:\/\/csi-computer.ch\/wp-content\/uploads\/2013\/05\/mobil.png\" alt=\"mobil\" width=\"64\" height=\"64\" \/><\/a>Mobil mit WordPress<\/strong><br \/>\nIst perfekt f\u00fcr mobile Anwendungen \u2013 f\u00fcr Android-, iPhone-, BlackBerry- und Nokia-Smartphones gibt es eigene Apps.<\/p>\n<h3 style=\"text-align: center;\"><\/h3>\n<hr \/>\n","protected":false},"excerpt":{"rendered":"<p>Dynamische Webseiten &#8211; CMS Content Managment\u00a0 &#8211; Dokument Management Integration \u00a0 \u00a0\u00a0 \u00a0\u00a0\u00a0\u00a0\u00a0 WordPress Im Einsatz. Open CMS Leader 2013\/14\/15. Ob im privaten oder im kommerziellen Umfeld, das perfekte Werkzeug um Inhalte im Web zu publizieren. Voraussetzungen Eine PHP-basierte Anwendung und so gut wie alle Webhoster erf\u00fcllen die Voraussetzungen f\u00fcr ein. Installation &amp; Aktualisierungen L\u00e4\u00dft [&hellip;]<\/p>\n","protected":false},"author":1,"featured_media":0,"parent":99,"menu_order":0,"comment_status":"closed","ping_status":"closed","template":"","meta":{"site-sidebar-layout":"default","site-content-layout":"","ast-site-content-layout":"","site-content-style":"default","site-sidebar-style":"default","ast-global-header-display":"","ast-banner-title-visibility":"","ast-main-header-display":"","ast-hfb-above-header-display":"","ast-hfb-below-header-display":"","ast-hfb-mobile-header-display":"","site-post-title":"","ast-breadcrumbs-content":"","ast-featured-img":"","footer-sml-layout":"","theme-transparent-header-meta":"","adv-header-id-meta":"","stick-header-meta":"","header-above-stick-meta":"","header-main-stick-meta":"","header-below-stick-meta":"","astra-migrate-meta-layouts":"default","ast-page-background-enabled":"default","ast-page-background-meta":{"desktop":{"background-color":"","background-image":"","background-repeat":"repeat","background-position":"center center","background-size":"auto","background-attachment":"scroll","background-type":"","background-media":"","overlay-type":"","overlay-color":"","overlay-opacity":"","overlay-gradient":""},"tablet":{"background-color":"","background-image":"","background-repeat":"repeat","background-position":"center center","background-size":"auto","background-attachment":"scroll","background-type":"","background-media":"","overlay-type":"","overlay-color":"","overlay-opacity":"","overlay-gradient":""},"mobile":{"background-color":"","background-image":"","background-repeat":"repeat","background-position":"center center","background-size":"auto","background-attachment":"scroll","background-type":"","background-media":"","overlay-type":"","overlay-color":"","overlay-opacity":"","overlay-gradient":""}},"ast-content-background-meta":{"desktop":{"background-color":"var(--ast-global-color-5)","background-image":"","background-repeat":"repeat","background-position":"center center","background-size":"auto","background-attachment":"scroll","background-type":"","background-media":"","overlay-type":"","overlay-color":"","overlay-opacity":"","overlay-gradient":""},"tablet":{"background-color":"var(--ast-global-color-5)","background-image":"","background-repeat":"repeat","background-position":"center center","background-size":"auto","background-attachment":"scroll","background-type":"","background-media":"","overlay-type":"","overlay-color":"","overlay-opacity":"","overlay-gradient":""},"mobile":{"background-color":"var(--ast-global-color-5)","background-image":"","background-repeat":"repeat","background-position":"center center","background-size":"auto","background-attachment":"scroll","background-type":"","background-media":"","overlay-type":"","overlay-color":"","overlay-opacity":"","overlay-gradient":""}},"ngg_post_thumbnail":0},"_links":{"self":[{"href":"https:\/\/csi-computer.ch\/index.php?rest_route=\/wp\/v2\/pages\/260"}],"collection":[{"href":"https:\/\/csi-computer.ch\/index.php?rest_route=\/wp\/v2\/pages"}],"about":[{"href":"https:\/\/csi-computer.ch\/index.php?rest_route=\/wp\/v2\/types\/page"}],"author":[{"embeddable":true,"href":"https:\/\/csi-computer.ch\/index.php?rest_route=\/wp\/v2\/users\/1"}],"replies":[{"embeddable":true,"href":"https:\/\/csi-computer.ch\/index.php?rest_route=%2Fwp%2Fv2%2Fcomments&post=260"}],"version-history":[{"count":17,"href":"https:\/\/csi-computer.ch\/index.php?rest_route=\/wp\/v2\/pages\/260\/revisions"}],"predecessor-version":[{"id":479,"href":"https:\/\/csi-computer.ch\/index.php?rest_route=\/wp\/v2\/pages\/260\/revisions\/479"}],"up":[{"embeddable":true,"href":"https:\/\/csi-computer.ch\/index.php?rest_route=\/wp\/v2\/pages\/99"}],"wp:attachment":[{"href":"https:\/\/csi-computer.ch\/index.php?rest_route=%2Fwp%2Fv2%2Fmedia&parent=260"}],"curies":[{"name":"wp","href":"https:\/\/api.w.org\/{rel}","templated":true}]}}