{"id":18,"date":"2013-04-18T23:24:58","date_gmt":"2013-04-18T21:24:58","guid":{"rendered":"http:\/\/csinet.homelinux.net\/csi-computer.ch\/?page_id=18"},"modified":"2023-05-17T10:27:05","modified_gmt":"2023-05-17T08:27:05","slug":"computer-hardware","status":"publish","type":"page","link":"https:\/\/csi-computer.ch\/?page_id=18","title":{"rendered":"KMU &#8211; Computer Hardware"},"content":{"rendered":"<p>Aktuelle Produkte \/ Intel NUC &#8211; ASUS AMD Ryzen<\/p>\n<p>NEU: F\u00fcr <strong>KMU Office und Internet<\/strong> Anwendung SSD HD mit WIN10\/11 PRO. <strong>Intel\u00ae NUC Mini<\/strong> PC NUC ist die erste als Komplettsystem von Intel angeboten. Ein kompletter Mini-PC in einem kleinen, aber m\u00e4chtigen Paket, diese Intel\u00ae NUC mit einem Quad-Core Intel\u00ae Pentium Prozessor bietet die gleiche Leistung und Visuals Sie in einem vollen Gr\u00f6\u00dfe Turm bekommen. Das System ist mit Windows\u00ae 10 vorinstalliert, so dass Sie das neueste Windows direkt aus der Box. 8-Kanal-Audio, integrierte WiFi und Bluetooth sowie HDMI und Wireless-Display-Funktionen macht NUC5PGYH eine ausgezeichnete HTPC. Die NUC5PGYH umfasst auch 32 GB On-Board-Speicher mit Platz f\u00fcr eine SSD oder HDD-Laufwerk f\u00fcr die Speicherung aller Ihrer Musik, Medien und anderen Daten.<\/p>\n<p style=\"text-align: center;\"><strong>Intel\u00ae NUC Mini PCs with Windows 10 PRO f\u00fcr KMU Office und Privat Office<\/strong><br \/>\n3-Jahre Garantie und Weltklasse Intel Kunden Service.<\/p>\n<table style=\"border-collapse: collapse; width: 100%;\">\n<tbody>\n<tr>\n<td style=\"width: 52.2576%;\"><img loading=\"lazy\" class=\"size-full wp-image-644 aligncenter\" src=\"https:\/\/csi-computer.ch\/wp-content\/uploads\/2018\/04\/7th-gen-nuc-family-16x9.png.rendition.intel_.web_.320.180.png\" alt=\"\" width=\"320\" height=\"180\" srcset=\"https:\/\/csi-computer.ch\/wp-content\/uploads\/2018\/04\/7th-gen-nuc-family-16x9.png.rendition.intel_.web_.320.180.png 320w, https:\/\/csi-computer.ch\/wp-content\/uploads\/2018\/04\/7th-gen-nuc-family-16x9.png.rendition.intel_.web_.320.180-300x169.png 300w\" sizes=\"(max-width: 320px) 100vw, 320px\" \/><\/td>\n<td style=\"width: 2.9548%;\">&nbsp;<\/td>\n<td style=\"width: 44.7875%;\"><a href=\"https:\/\/csi-computer.ch\/wp-content\/uploads\/2021\/09\/205563185_xxl.jpg\"><img loading=\"lazy\" class=\"aligncenter wp-image-782\" src=\"https:\/\/csi-computer.ch\/wp-content\/uploads\/2021\/09\/205563185_xxl-300x225.jpg\" alt=\"\" width=\"187\" height=\"140\" srcset=\"https:\/\/csi-computer.ch\/wp-content\/uploads\/2021\/09\/205563185_xxl-300x225.jpg 300w, https:\/\/csi-computer.ch\/wp-content\/uploads\/2021\/09\/205563185_xxl-768x576.jpg 768w, https:\/\/csi-computer.ch\/wp-content\/uploads\/2021\/09\/205563185_xxl.jpg 800w\" sizes=\"(max-width: 187px) 100vw, 187px\" \/><\/a><\/td>\n<\/tr>\n<tr>\n<td style=\"width: 52.2576%;\"><span style=\"font-size: 16px; font-style: normal; font-weight: 400;\">Intel\u00ae NUC 7 Essential Mini PC &#8211; NUC7CJYSAL with Windows* 10<\/span><\/td>\n<td style=\"width: 2.9548%;\">&nbsp;<\/td>\n<td style=\"width: 44.7875%;\">ASUS Mini PC PN51 Windows 10 Pro 64 BitGeh\u00e4use Bauart: Small Form<\/td>\n<\/tr>\n<tr>\n<td style=\"width: 52.2576%;\"><span style=\"font-size: 16px; font-style: normal; font-weight: 400;\">Intel\u00ae Core\u2122 i5-7260U Processor<\/span><br \/>\n<span style=\"font-size: 16px; font-style: normal; font-weight: 400;\">M.2 and 2.5&#8243; Drive Internal Drive Form Factor<\/span><br \/>\n<span style=\"font-size: 16px; font-style: normal; font-weight: 400;\">HDMI 2.0a; USB-C (DP1.2) Graphics Output<\/span><\/p>\n<p><span style=\"font-size: 16px; font-style: normal; font-weight: 400;\">Intel\u00ae Core\u2122 i7-7567U Processor<\/span><br \/>\n<span style=\"font-size: 16px; font-style: normal; font-weight: 400;\">M.2 SSD Internal Drive Form Factor<\/span><br \/>\n<span style=\"font-size: 16px; font-style: normal; font-weight: 400;\">HDMI 2.0a; USB-C (DP1.2) Graphics Output<\/span><\/td>\n<td style=\"width: 2.9548%;\">&nbsp;<\/td>\n<td style=\"width: 44.7875%;\">Prozessorfamilie: AMD Ryzen 5 (5xxx)Speicherkapazit\u00e4t Total: 512 GBVerbauter Arbeitsspeicher: 8-32 GBGrafikfamilie: AMD Radeon RX Vega<\/td>\n<\/tr>\n<\/tbody>\n<\/table>\n<p style=\"text-align: left;\"><strong>OFFICE + WORKSTATION CAD Systeme<\/strong><\/p>\n<p>Die HP Elite-Serie basiert auf der modernen Business-PC-Technologie mit HP Design. Die speziell f\u00fcr den Business-Bereich entwickelten Programme und Services bieten folgende Vorteile: zuverl\u00e4ssige und lange Lebensdauer sowie L\u00f6sungen f\u00fcr das Sicherheits- und Remote-Management. Das Ergebnis sind die Business-PCs mit den derzeit besten Leistungsmerkmalen.<\/p>\n<ul>\n<li>Erstklassige Business-PC-Technologie<\/li>\n<li>Effiziente PC-Technologien f\u00fcr Ihre Systemumgebung<\/li>\n<li>Zuverl\u00e4ssiges, durchdachtes Design<\/li>\n<\/ul>\n<p><a href=\"https:\/\/csi-computer.ch\/wp-content\/uploads\/2021\/08\/download-1.jpg\"><img loading=\"lazy\" class=\"alignnone size-medium wp-image-744\" src=\"https:\/\/csi-computer.ch\/wp-content\/uploads\/2021\/08\/download-1-300x154.jpg\" alt=\"\" width=\"300\" height=\"154\" srcset=\"https:\/\/csi-computer.ch\/wp-content\/uploads\/2021\/08\/download-1-300x154.jpg 300w, https:\/\/csi-computer.ch\/wp-content\/uploads\/2021\/08\/download-1.jpg 313w\" sizes=\"(max-width: 300px) 100vw, 300px\" \/><\/a><\/p>\n<p><strong>Erstklassige Business-PC-Technologie<\/strong><br \/>\nAuf der Basis der modernen Innovationen, des umfassenden Know-hows von HP bei der Entwicklung und der modernen BIOS-Struktur ist die HP Compaq 8200 Elite-Serie genau die richtige Wahl f\u00fcr aktuelle und k\u00fcnftige Gesch\u00e4ftsanforderungen. Die leistungsstarken Prozessoren erm\u00f6glichen hardwarebasierte Remote-Management-L\u00f6sungen als Grundlage f\u00fcr eine stabile, sichere und zuverl\u00e4ssige IT-Infrastruktur. Konfigurieren Sie Ihren PC mit Datenlaufwerken und Einheiten nach Branchenstandard, z. B. einem Media Card Reader, der bis zu 22 Speicherkarten erkennt.<\/p>\n<hr>\n<p><strong style=\"font-size: 16px; font-style: normal;\">Microsoft Surface &#8211; HP <\/strong><strong>Notebooks, Tablet&#8217;s&nbsp;<\/strong><\/p>\n<p><img loading=\"lazy\" class=\"size-medium wp-image-748 alignleft\" src=\"https:\/\/csi-computer.ch\/wp-content\/uploads\/2021\/08\/Microsoft-Surface-Pro-4-und-Surface-Book-300x180.jpg\" alt=\"\" width=\"300\" height=\"180\" srcset=\"https:\/\/csi-computer.ch\/wp-content\/uploads\/2021\/08\/Microsoft-Surface-Pro-4-und-Surface-Book-300x180.jpg 300w, https:\/\/csi-computer.ch\/wp-content\/uploads\/2021\/08\/Microsoft-Surface-Pro-4-und-Surface-Book.jpg 750w\" sizes=\"(max-width: 300px) 100vw, 300px\" \/>Das Surface Pro 7 ist ein sehr vielseitiges Tablet mit guter Leistung, ganzt\u00e4giger Akkulaufzeit und flexiblen Erweiterungsm\u00f6glichkeiten. Diese Consumer-Variante ist ideal f\u00fcr Privatpersonen, Sch\u00fcler, Studenten und alle anderen, die die professionellen Zusatzfunktionen der Business-Variante nicht ben\u00f6tigen.&nbsp; Mit separat erh\u00e4ltlichem Zubeh\u00f6r passen Sie den Funktionsumfang Ihres Surface Pro Ihren Bed\u00fcrfnissen an: Verwandeln Sie es beispielsweise mit dem Type Cover in ein vollwertiges Notebook mit Touchpad und Tastatur, oder nutzen Sie den Surface Pen Eingabestift f\u00fcr handschriftliche Notizen, kreative Zeichnungen und schnelle Skizzen direkt am Touchdisplay.<\/p>\n<p><a href=\"https:\/\/csi-computer.ch\/wp-content\/uploads\/2021\/08\/Elitebook-800-series-2.png\"><img loading=\"lazy\" class=\"size-medium wp-image-751 alignleft\" src=\"https:\/\/csi-computer.ch\/wp-content\/uploads\/2021\/08\/Elitebook-800-series-2-300x157.png\" alt=\"\" width=\"300\" height=\"157\" srcset=\"https:\/\/csi-computer.ch\/wp-content\/uploads\/2021\/08\/Elitebook-800-series-2-300x157.png 300w, https:\/\/csi-computer.ch\/wp-content\/uploads\/2021\/08\/Elitebook-800-series-2-1024x535.png 1024w, https:\/\/csi-computer.ch\/wp-content\/uploads\/2021\/08\/Elitebook-800-series-2-768x401.png 768w, https:\/\/csi-computer.ch\/wp-content\/uploads\/2021\/08\/Elitebook-800-series-2.png 1137w\" sizes=\"(max-width: 300px) 100vw, 300px\" \/><\/a>Die HP EliteBook 800 \u00fcberzeugen durch ein modernes Design, eine pr\u00e4zise robuste Konstruktion in einem modernen Stil.<\/p>\n<p>EliteBook 800-Serie Sch\u00f6n gestaltet und verwaltbar, mit Sicherheitsebenen und<br \/>\nleistungsstarken Tools f\u00fcr die Zusammenarbeit, damit Sie \u00fcberall produktiv bleiben.<\/p>\n<div class=\"wpb_column vc_column_container vc_col-sm-4\">\n<div class=\"vc_column-inner\">\n<div class=\"wpb_wrapper\">\n<div>&nbsp;<\/div>\n<div>&nbsp;<\/div>\n<ul>\n<li class=\"vcex-module vcex-heading vcex-heading-plain\"><span class=\"vcex-heading-inner clr\">D\u00dcNN UND LEICHT <\/span><span style=\"font-size: 16px;\">Dieser ultraflache Aluminium-Laptop mit schmalem Randdisplay passt \u00fcberall hin und sieht dabei gut aus.<\/span><\/li>\n<li class=\"vcex-module vcex-heading vcex-heading-plain\">GEPR\u00dcFT HART <span style=\"font-size: 16px;\">Gehen Sie selbstbewusst auf die Stra\u00dfe: Die EliteBook 800-Serie wurde entwickelt, um die MIL-STD 810G-Tests zu bestehen.<\/span><\/li>\n<li class=\"vcex-module vcex-heading vcex-heading-plain\">EINEN ATEMBERAUBENDEN BLICK <span style=\"font-size: 16px;\">Ein optionales ultrahelles Display passt sich jeder Umgebung an und sorgt f\u00fcr ein optimales Seherlebnis, egal wo Sie arbeiten. <\/span><span style=\"font-size: 16px;\">Die Anzeige ist jederzeit gestochen scharf. Dokumente, Spreadsheets und Grafiken werden auf dem HD[1]-Display mit einer Diagonalen von 39,6 cm (15,6&#8243;) klar und deutlich angezeigt.<\/span><\/li>\n<\/ul>\n<\/div>\n<\/div>\n<\/div>\n<hr>\n<p><a href=\"https:\/\/csi-computer.ch\/wp-content\/uploads\/2021\/08\/Hewlett_Packard_Enterprise_logo.svg_.png\"><img loading=\"lazy\" class=\"alignnone wp-image-746\" src=\"https:\/\/csi-computer.ch\/wp-content\/uploads\/2021\/08\/Hewlett_Packard_Enterprise_logo.svg_-300x126.png\" alt=\"\" width=\"131\" height=\"55\" srcset=\"https:\/\/csi-computer.ch\/wp-content\/uploads\/2021\/08\/Hewlett_Packard_Enterprise_logo.svg_-300x126.png 300w, https:\/\/csi-computer.ch\/wp-content\/uploads\/2021\/08\/Hewlett_Packard_Enterprise_logo.svg_-1024x429.png 1024w, https:\/\/csi-computer.ch\/wp-content\/uploads\/2021\/08\/Hewlett_Packard_Enterprise_logo.svg_-768x322.png 768w, https:\/\/csi-computer.ch\/wp-content\/uploads\/2021\/08\/Hewlett_Packard_Enterprise_logo.svg_.png 1200w\" sizes=\"(max-width: 131px) 100vw, 131px\" \/><\/a><\/p>\n<p>HP System Partner Zertifiziert<\/p>\n<p><strong><a href=\"https:\/\/csi-computer.ch\/wp-content\/uploads\/2021\/08\/hpe-post-Proliant-Gen10-1024x438-1.webp\"><img loading=\"lazy\" class=\"size-medium wp-image-742 alignnone\" src=\"https:\/\/csi-computer.ch\/wp-content\/uploads\/2021\/08\/hpe-post-Proliant-Gen10-1024x438-1-300x128.webp\" alt=\"\" width=\"300\" height=\"128\" srcset=\"https:\/\/csi-computer.ch\/wp-content\/uploads\/2021\/08\/hpe-post-Proliant-Gen10-1024x438-1-300x128.webp 300w, https:\/\/csi-computer.ch\/wp-content\/uploads\/2021\/08\/hpe-post-Proliant-Gen10-1024x438-1-768x329.webp 768w, https:\/\/csi-computer.ch\/wp-content\/uploads\/2021\/08\/hpe-post-Proliant-Gen10-1024x438-1.webp 1024w\" sizes=\"(max-width: 300px) 100vw, 300px\" \/><\/a><\/strong><\/p>\n<p style=\"text-align: left;\"><strong>SERVER + VServer NAS &#8211; SAAS Storage Container<\/strong><\/p>\n<p>&nbsp;<\/p>\n<p><a href=\"https:\/\/csi-computer.ch\/wp-content\/uploads\/2013\/04\/hpweb_1-2_topnav_hp_logo.gif\"><img loading=\"lazy\" class=\"alignleft wp-image-96 size-full\" src=\"https:\/\/csi-computer.ch\/wp-content\/uploads\/2013\/04\/hpweb_1-2_topnav_hp_logo.gif\" alt=\"hpweb_1-2_topnav_hp_logo\" width=\"64\" height=\"55\"><\/a>HP&nbsp; Umgebungen (High Performance Computing) sowie Serviceanbieter mit Anforderungen f\u00fcr Web-Hosting, Virtualisierung Dateiserver und Datenbanken. Kleine und mittlere Unternehmen oder Zweigstellen gr\u00f6sserer Unternehmen und Rechenzentren, die Leistung und maximale Erweiterbarkeit ben\u00f6tigen.<\/p>\n<hr>\n<p><a href=\"https:\/\/csi-computer.ch\/wp-content\/uploads\/2013\/04\/hp_proliant_servers.jpg\"><img loading=\"lazy\" class=\"wp-image-69 alignnone\" src=\"https:\/\/csi-computer.ch\/wp-content\/uploads\/2013\/04\/hp_proliant_servers.jpg\" alt=\"hp_proliant_servers\" width=\"311\" height=\"212\" srcset=\"https:\/\/csi-computer.ch\/wp-content\/uploads\/2013\/04\/hp_proliant_servers.jpg 520w, https:\/\/csi-computer.ch\/wp-content\/uploads\/2013\/04\/hp_proliant_servers-300x204.jpg 300w\" sizes=\"(max-width: 311px) 100vw, 311px\" \/><\/a><\/p>\n<p>HP ProLiant ML-Series Gen8+ E5-2620, 1P, 8 GB-R P420i, Hot-Plug-f\u00e4hig, 8 SFF, 460-W-Netzteil Basisserver<\/p>\n<p><strong>Small Business<\/strong> HP ProLiant ML310e Gen8 Workstation Server, ein 4U-Single-Socket-Tower, bietet auf die sich \u00e4ndernden Gesch\u00e4ftsanforderungen zugeschnittene, unverzichtbare Verf\u00fcgbarkeit und Erweiterungsm\u00f6glichkeiten. Er ist ideal f\u00fcr Fernstandorte und Zweigstellen, an denen Datei-\/Druck-Serverdienste, Web Messaging und kleine vertikale Anwendungen oder Datenbanken ausgef\u00fchrt werden. Fileserver \/ Webserver \/ SBS.<\/p>\n<hr>\n","protected":false},"excerpt":{"rendered":"<p>Aktuelle Produkte \/ Intel NUC &#8211; ASUS AMD Ryzen NEU: F\u00fcr KMU Office und Internet Anwendung SSD HD mit WIN10\/11 PRO. Intel\u00ae NUC Mini PC NUC ist die erste als Komplettsystem von Intel angeboten. Ein kompletter Mini-PC in einem kleinen, aber m\u00e4chtigen Paket, diese Intel\u00ae NUC mit einem Quad-Core Intel\u00ae Pentium Prozessor bietet die gleiche [&hellip;]<\/p>\n","protected":false},"author":1,"featured_media":0,"parent":0,"menu_order":0,"comment_status":"closed","ping_status":"closed","template":"","meta":{"site-sidebar-layout":"default","site-content-layout":"default","ast-site-content-layout":"","site-content-style":"default","site-sidebar-style":"default","ast-global-header-display":"","ast-banner-title-visibility":"","ast-main-header-display":"","ast-hfb-above-header-display":"","ast-hfb-below-header-display":"","ast-hfb-mobile-header-display":"","site-post-title":"","ast-breadcrumbs-content":"","ast-featured-img":"","footer-sml-layout":"","theme-transparent-header-meta":"default","adv-header-id-meta":"","stick-header-meta":"","header-above-stick-meta":"","header-main-stick-meta":"","header-below-stick-meta":"","astra-migrate-meta-layouts":"default","ast-page-background-enabled":"default","ast-page-background-meta":{"desktop":{"background-color":"","background-image":"","background-repeat":"repeat","background-position":"center center","background-size":"auto","background-attachment":"scroll","background-type":"","background-media":"","overlay-type":"","overlay-color":"","overlay-opacity":"","overlay-gradient":""},"tablet":{"background-color":"","background-image":"","background-repeat":"repeat","background-position":"center center","background-size":"auto","background-attachment":"scroll","background-type":"","background-media":"","overlay-type":"","overlay-color":"","overlay-opacity":"","overlay-gradient":""},"mobile":{"background-color":"","background-image":"","background-repeat":"repeat","background-position":"center center","background-size":"auto","background-attachment":"scroll","background-type":"","background-media":"","overlay-type":"","overlay-color":"","overlay-opacity":"","overlay-gradient":""}},"ast-content-background-meta":{"desktop":{"background-color":"var(--ast-global-color-5)","background-image":"","background-repeat":"repeat","background-position":"center center","background-size":"auto","background-attachment":"scroll","background-type":"","background-media":"","overlay-type":"","overlay-color":"","overlay-opacity":"","overlay-gradient":""},"tablet":{"background-color":"var(--ast-global-color-5)","background-image":"","background-repeat":"repeat","background-position":"center center","background-size":"auto","background-attachment":"scroll","background-type":"","background-media":"","overlay-type":"","overlay-color":"","overlay-opacity":"","overlay-gradient":""},"mobile":{"background-color":"var(--ast-global-color-5)","background-image":"","background-repeat":"repeat","background-position":"center center","background-size":"auto","background-attachment":"scroll","background-type":"","background-media":"","overlay-type":"","overlay-color":"","overlay-opacity":"","overlay-gradient":""}},"ngg_post_thumbnail":0},"_links":{"self":[{"href":"https:\/\/csi-computer.ch\/index.php?rest_route=\/wp\/v2\/pages\/18"}],"collection":[{"href":"https:\/\/csi-computer.ch\/index.php?rest_route=\/wp\/v2\/pages"}],"about":[{"href":"https:\/\/csi-computer.ch\/index.php?rest_route=\/wp\/v2\/types\/page"}],"author":[{"embeddable":true,"href":"https:\/\/csi-computer.ch\/index.php?rest_route=\/wp\/v2\/users\/1"}],"replies":[{"embeddable":true,"href":"https:\/\/csi-computer.ch\/index.php?rest_route=%2Fwp%2Fv2%2Fcomments&post=18"}],"version-history":[{"count":47,"href":"https:\/\/csi-computer.ch\/index.php?rest_route=\/wp\/v2\/pages\/18\/revisions"}],"predecessor-version":[{"id":803,"href":"https:\/\/csi-computer.ch\/index.php?rest_route=\/wp\/v2\/pages\/18\/revisions\/803"}],"wp:attachment":[{"href":"https:\/\/csi-computer.ch\/index.php?rest_route=%2Fwp%2Fv2%2Fmedia&parent=18"}],"curies":[{"name":"wp","href":"https:\/\/api.w.org\/{rel}","templated":true}]}}