{"id":171129,"date":"2026-01-15T16:34:45","date_gmt":"2026-01-15T14:34:45","guid":{"rendered":"https:\/\/csi-computer.ch\/?page_id=171129"},"modified":"2026-01-16T12:11:26","modified_gmt":"2026-01-16T10:11:26","slug":"willkommen","status":"publish","type":"page","link":"https:\/\/csi-computer.ch\/","title":{"rendered":"Willkommen"},"content":{"rendered":"<header class=\"entry-header ast-no-thumbnail\">\n<div class=\"entry-meta\"><strong style=\"font-size: 16px;\"><a href=\"https:\/\/csi-computer.ch\/wp-content\/uploads\/2013\/04\/fahne.gif\"><img loading=\"lazy\" class=\"alignnone wp-image-30 size-full\" src=\"https:\/\/csi-computer.ch\/wp-content\/uploads\/2013\/04\/fahne.gif\" alt=\"fahne\" width=\"13\" height=\"9\"><\/a>&nbsp; Der Partner f\u00fcr Computerl\u00f6sungen in Ihrer Umgebung.<\/strong><\/div>\n<\/header>\n<div class=\"entry-content clear\">\n<div>\n<p>CSI Computer Service unterst\u00fctzt&nbsp;<strong>KMU<\/strong>&nbsp;wie Privat- Anwender mit&nbsp;<strong>Beratungen<\/strong>,&nbsp;<strong>Verkauf<\/strong>&nbsp;und dem Erarbeiten von&nbsp;<strong>L\u00f6sungen<\/strong>&nbsp;im Umfeld von&nbsp;<strong>IT und Internet<\/strong>.<\/p>\n<p>Bei uns finden Sie auch nach dem Kauf eines Produktes einen zuverl\u00e4ssigen Partner.<\/p>\n<p>Unser Wissen zeichnet sich durch eine solide Erfahrung im Umgang mit IT-Informationssystemen und deren Peripherie-Umfeld aus. Dank unseren bew\u00e4hrten Partnerschaften zu Technologie-Herstellern, Hard \u2013 und Software-Lieferanten, sind wir in der Lage einen erstklassigen Support zu liefern. Wir haben uns zum Ziel gesetzt, den W\u00fcnschen und Bed\u00fcrfnissen unserer Kundschaft optimal entsprechen zu k\u00f6nnen.<\/p>\n<hr>\n<p><strong><a href=\"https:\/\/csi-computer.ch\/wp-content\/uploads\/2013\/04\/index.jpg\"><img loading=\"lazy\" class=\"wp-image-61 alignleft\" src=\"https:\/\/csi-computer.ch\/wp-content\/uploads\/2013\/04\/index-297x300.jpg\" sizes=\"(max-width: 93px) 100vw, 93px\" srcset=\"https:\/\/csi-computer.ch\/wp-content\/uploads\/2013\/04\/index-297x300.jpg 297w, https:\/\/csi-computer.ch\/wp-content\/uploads\/2013\/04\/index-150x150.jpg 150w, https:\/\/csi-computer.ch\/wp-content\/uploads\/2013\/04\/index.jpg 500w\" alt=\"index\" width=\"93\" height=\"94\"><\/a>KMU \u2013 Unternehmen liegen uns am Herzen.<\/strong><\/p>\n<p>Dienstleistung und Support in Bereichen wie DSL, Internet, Netzwerken, Hardware und Software sowie Windows Server-Unterhalt oder mit Cloud-Dienst-Technologien.<\/p>\n<p>Hardware Wartung-Pflege und Unterhalt. Datensicherung Konzepte, Netzwerk-Support an verteilten Standorten. Outsourcing Partnerschaften.<\/p>\n<hr>\n<p><strong>Hardware-Dienstleistungen<\/strong><\/p>\n<ul>\n<li>Lieferung + Verkauf von Computer Hardware<\/li>\n<li>Hardware und Software Installationen<\/li>\n<li>Datensicherung Intern &#8211; Extern \/ NAS Speicher etc.<\/li>\n<li>E-Mail einrichten Daten &#8211; Portierungen<\/li>\n<li>Hosting + Internet Zugang \/ DSL, IP Telefonie, Anrufkennung<\/li>\n<li>Routing und Networking &gt; Netzwerke einrichten<\/li>\n<li>Dokumentationen erfassen von IT-Betriebsstrukturen.<\/li>\n<\/ul>\n<p><strong>Software + System Dienstleistungen<\/strong><\/p>\n<ul>\n<li>WEB Applikations Entwicklungen<\/li>\n<li>Generelle Software Integration \/ System Konfiguration<\/li>\n<li>CMS Content Managment, PHP Webseiten Entwicklung<\/li>\n<li>Google Cloud Integration API Support<\/li>\n<li>Dokumenten Verwaltung<\/li>\n<li>Linux UBUNTU, PHP, MYSQL JSON<\/li>\n<li>Microsoft KMU Business Server ASP.NET. SQL Server<\/li>\n<\/ul>\n<hr>\n<p><strong><img loading=\"lazy\" class=\"wp-image-89 alignnone alignleft\" src=\"https:\/\/csi-computer.ch\/wp-content\/uploads\/2013\/04\/icon_twitter-300x293.jpg\" sizes=\"(max-width: 49px) 100vw, 49px\" srcset=\"https:\/\/csi-computer.ch\/wp-content\/uploads\/2013\/04\/icon_twitter-300x293.jpg 300w, https:\/\/csi-computer.ch\/wp-content\/uploads\/2013\/04\/icon_twitter-150x150.jpg 150w, https:\/\/csi-computer.ch\/wp-content\/uploads\/2013\/04\/icon_twitter.jpg 416w\" alt=\"icon_twitter\" width=\"49\" height=\"48\">CSI Computer Service<\/strong><br \/>\nSchneggengasse 2A, 8157 Dielsdorf\/ZH<br \/>\nTel.&nbsp;&nbsp;&nbsp; ++41 044 854 08 70&nbsp;&nbsp;<a href=\"mailto:support@csi-computer.ch\">E-Mail<\/a><\/p>\n<p><a href=\"https:\/\/maps.google.ch\/maps?q=CSI+Computer+Service+und+Installationen+Wehntalerstrasse+80,+Dielsdorf&amp;hl=de&amp;ie=UTF8&amp;sll=47.476028,8.454666&amp;sspn=0.010805,0.017381&amp;t=h&amp;hq=CSI+Computer+Service+und+Installationen&amp;hnear=Wehntalerstrasse+80,+8157+Dielsdorf,+Z%C3%BCrich&amp;z=16\" target=\"_blank\" rel=\"noopener\"><img loading=\"lazy\" class=\"alignnone wp-image-193 \" src=\"https:\/\/csi-computer.ch\/wp-content\/uploads\/2013\/04\/0f1afbf83e65f67a180a56e344fd93b5.png\" sizes=\"(max-width: 44px) 100vw, 44px\" srcset=\"https:\/\/csi-computer.ch\/wp-content\/uploads\/2013\/04\/0f1afbf83e65f67a180a56e344fd93b5.png 256w, https:\/\/csi-computer.ch\/wp-content\/uploads\/2013\/04\/0f1afbf83e65f67a180a56e344fd93b5-150x150.png 150w\" alt=\"0f1afbf83e65f67a180a56e344fd93b5\" width=\"44\" height=\"44\"><\/a>&nbsp; &nbsp; &nbsp; &nbsp; &nbsp;<a title=\"Google Maps\" href=\"https:\/\/www.google.ch\/maps\/place\/CSI+Computer+Service+und+Installationen+P.+Willi\/@47.4811051,8.4535117,172m\/data=!3m1!1e3!4m13!1m7!3m6!1s0x4790736d51c73de9:0x4639af0766763491!2sSchneggengasse+2A,+8157+Dielsdorf!3b1!8m2!3d47.4811885!4d8.45352!3m4!1s0x4790736b9d3cc7bf:0xaca1d375038498da!8m2!3d47.481189!4d8.45352\" target=\"_blank\" rel=\"noopener\">Google Maps<\/a><\/p>\n<\/div>\n<\/div>\n<hr>\n<div align=\"center\">\n<p align=\"center\"><span style=\"font-size: 8pt;\"><b>Dielsdorf \u2013 Steinmaur \u2013 Niederglatt \u2013 Niederhasli \u2013 Regensdorf \u2013 Baden \u2013 B\u00fclach \u2013 Winterthur \u2013 Z\u00fcrich<\/b><\/span><\/p>\n<\/div>\n<div align=\"center\">\n<p align=\"center\">. . . dort wo Service gebraucht wird.<\/p>\n<\/div>\n","protected":false},"excerpt":{"rendered":"<p>&nbsp; Der Partner f\u00fcr Computerl\u00f6sungen in Ihrer Umgebung. CSI Computer Service unterst\u00fctzt&nbsp;KMU&nbsp;wie Privat- Anwender mit&nbsp;Beratungen,&nbsp;Verkauf&nbsp;und dem Erarbeiten von&nbsp;L\u00f6sungen&nbsp;im Umfeld von&nbsp;IT und Internet. Bei uns finden Sie auch nach dem Kauf eines Produktes einen zuverl\u00e4ssigen Partner. Unser Wissen zeichnet sich durch eine solide Erfahrung im Umgang mit IT-Informationssystemen und deren Peripherie-Umfeld aus. Dank unseren bew\u00e4hrten Partnerschaften [&hellip;]<\/p>\n","protected":false},"author":123,"featured_media":0,"parent":0,"menu_order":0,"comment_status":"closed","ping_status":"closed","template":"","meta":{"site-sidebar-layout":"default","site-content-layout":"","ast-site-content-layout":"default","site-content-style":"default","site-sidebar-style":"default","ast-global-header-display":"","ast-banner-title-visibility":"","ast-main-header-display":"","ast-hfb-above-header-display":"","ast-hfb-below-header-display":"","ast-hfb-mobile-header-display":"","site-post-title":"","ast-breadcrumbs-content":"","ast-featured-img":"","footer-sml-layout":"","theme-transparent-header-meta":"default","adv-header-id-meta":"","stick-header-meta":"","header-above-stick-meta":"","header-main-stick-meta":"","header-below-stick-meta":"","astra-migrate-meta-layouts":"set","ast-page-background-enabled":"default","ast-page-background-meta":{"desktop":{"background-color":"","background-image":"","background-repeat":"repeat","background-position":"center center","background-size":"auto","background-attachment":"scroll","background-type":"","background-media":"","overlay-type":"","overlay-color":"","overlay-opacity":"","overlay-gradient":""},"tablet":{"background-color":"","background-image":"","background-repeat":"repeat","background-position":"center center","background-size":"auto","background-attachment":"scroll","background-type":"","background-media":"","overlay-type":"","overlay-color":"","overlay-opacity":"","overlay-gradient":""},"mobile":{"background-color":"","background-image":"","background-repeat":"repeat","background-position":"center center","background-size":"auto","background-attachment":"scroll","background-type":"","background-media":"","overlay-type":"","overlay-color":"","overlay-opacity":"","overlay-gradient":""}},"ast-content-background-meta":{"desktop":{"background-color":"var(--ast-global-color-5)","background-image":"","background-repeat":"repeat","background-position":"center center","background-size":"auto","background-attachment":"scroll","background-type":"","background-media":"","overlay-type":"","overlay-color":"","overlay-opacity":"","overlay-gradient":""},"tablet":{"background-color":"var(--ast-global-color-5)","background-image":"","background-repeat":"repeat","background-position":"center center","background-size":"auto","background-attachment":"scroll","background-type":"","background-media":"","overlay-type":"","overlay-color":"","overlay-opacity":"","overlay-gradient":""},"mobile":{"background-color":"var(--ast-global-color-5)","background-image":"","background-repeat":"repeat","background-position":"center center","background-size":"auto","background-attachment":"scroll","background-type":"","background-media":"","overlay-type":"","overlay-color":"","overlay-opacity":"","overlay-gradient":""}},"ngg_post_thumbnail":0},"_links":{"self":[{"href":"https:\/\/csi-computer.ch\/index.php?rest_route=\/wp\/v2\/pages\/171129"}],"collection":[{"href":"https:\/\/csi-computer.ch\/index.php?rest_route=\/wp\/v2\/pages"}],"about":[{"href":"https:\/\/csi-computer.ch\/index.php?rest_route=\/wp\/v2\/types\/page"}],"author":[{"embeddable":true,"href":"https:\/\/csi-computer.ch\/index.php?rest_route=\/wp\/v2\/users\/123"}],"replies":[{"embeddable":true,"href":"https:\/\/csi-computer.ch\/index.php?rest_route=%2Fwp%2Fv2%2Fcomments&post=171129"}],"version-history":[{"count":8,"href":"https:\/\/csi-computer.ch\/index.php?rest_route=\/wp\/v2\/pages\/171129\/revisions"}],"predecessor-version":[{"id":171137,"href":"https:\/\/csi-computer.ch\/index.php?rest_route=\/wp\/v2\/pages\/171129\/revisions\/171137"}],"wp:attachment":[{"href":"https:\/\/csi-computer.ch\/index.php?rest_route=%2Fwp%2Fv2%2Fmedia&parent=171129"}],"curies":[{"name":"wp","href":"https:\/\/api.w.org\/{rel}","templated":true}]}}